{"id":19,"date":"2018-12-23T12:25:07","date_gmt":"2018-12-23T11:25:07","guid":{"rendered":"http:\/\/www.rvalera.it\/?page_id=19"},"modified":"2024-06-24T22:06:28","modified_gmt":"2024-06-24T20:06:28","slug":"home-2","status":"publish","type":"page","link":"http:\/\/www.rvalera.it\/","title":{"rendered":"Home"},"content":{"rendered":"<div class=\"fusion-fullwidth fullwidth-box nonhundred-percent-fullwidth non-hundred-percent-height-scrolling\"  style='background-color: rgba(255,255,255,0);background-position: center center;background-repeat: no-repeat;padding-top:0px;padding-right:0px;padding-bottom:0px;padding-left:0px;'><div class=\"fusion-builder-row fusion-row \"><div  class=\"fusion-layout-column fusion_builder_column fusion_builder_column_1_1  fusion-one-full fusion-column-first fusion-column-last 1_1\"  style='margin-top:0px;margin-bottom:20px;'>\n\t\t\t\t\t<div class=\"fusion-column-wrapper\" style=\"padding: 0px 0px 0px 0px;background-position:left top;background-repeat:no-repeat;-webkit-background-size:cover;-moz-background-size:cover;-o-background-size:cover;background-size:cover;\"  data-bg-url=\"\">\n\t\t\t\t\t\t\t\t\t\t\t<div class=\"fusion-slider-container fusion-slider-2 full-width-slider \" id=\"fusion-slider-sc-home\" style=\"height:440px; max-width:100%;\">\n\t\t\t\t\t\t<style type=\"text\/css\" scoped=\"scoped\">\n\t\t\t\t\t\t.fusion-slider-2 .flex-direction-nav a {\n\t\t\t\t\t\t\twidth:50px;height:50px;line-height:50px;font-size:20px;\t\t\t\t\t\t}\n\n\t\t\t\t\t\t\t\t\t\t\t\t<\/style>\n\t\t\t\t\t\t<div class=\"fusion-slider-loading\">Loading...<\/div>\n\t\t\t\t\t\t<div class=\"tfs-slider flexslider main-flex full-width-slider\" data-slider_width=\"100%\" data-slider_height=\"440px\" data-full_screen=\"0\" data-parallax=\"0\" data-nav_arrows=\"1\" data-nav_box_width=\"50px\" data-nav_box_height=\"50px\" data-nav_arrow_size=\"20px\" data-autoplay=\"1\" data-loop=\"1\" data-orderby=\"date\" data-order=\"DESC\" data-animation=\"fade\" data-slideshow_speed=\"3000\" data-animation_speed=\"600\" data-typo_sensitivity=\"1\" data-typo_factor=\"1.5\" style=\"max-width:100%;\">\n\t\t\t\t\t\t\t<ul class=\"slides\">\n\t\t\t\t\t\t\t\t\t\t\t\t\t\t\t\t\t<li data-mute=\"yes\" data-loop=\"yes\" data-autoplay=\"yes\">\n\t\t\t\t\t\t\t\t\t\t<div class=\"slide-content-container slide-content-center\" style=\"display: none;\">\n\t\t\t\t\t\t\t\t\t\t\t<div class=\"slide-content\" style=\"\">\n\t\t\t\t\t\t\t\t\t\t\t\t\t\t\t\t\t\t\t\t\t\t\t\t\t\t\t\t\t\t\t\t\t\t\t\t\t\t\t\t\t\t\t\t\t\t\t\t\t<div class=\"buttons\" >\n\t\t\t\t\t\t\t\t\t\t\t\t\t\t\t\t\t\t\t\t\t\t\t\t\t\t\t\t\t\t\t\t\t\t\t\t\t\t\t\t\t<\/div>\n\t\t\t\t\t\t\t\t\t\t\t\t\t\t\t\t\t\t\t\t\t\t\t<\/div>\n\t\t\t\t\t\t\t\t\t\t<\/div>\n\t\t\t\t\t\t\t\t\t\t\t\t\t\t\t\t\t\t\t\t\t\t\t\t\t\t\t\t\t\t\t\t\t\t\t\t\t\t\t\t<div class=\"background background-image\" style=\"background-image: url(http:\/\/www.rvalera.it\/wp-content\/uploads\/2018\/12\/interno.jpg);max-width:100%;height:440px;filter: progid:DXImageTransform.Microsoft.AlphaImageLoader(src='http:\/\/www.rvalera.it\/wp-content\/uploads\/2018\/12\/interno.jpg', sizingMethod='scale');-ms-filter:'progid:DXImageTransform.Microsoft.AlphaImageLoader(src='http:\/\/www.rvalera.it\/wp-content\/uploads\/2018\/12\/interno.jpg', sizingMethod='scale')';\" data-imgwidth=\"1100\">\n\t\t\t\t\t\t\t\t\t\t\t\t\t\t\t\t\t\t\t\t\t\t\t\t\t\t\t\t\t\t\t\t\t\t\t\t\t\t\t\t\t\t\t\t\t\t\t\t\t\t\t\t\t\t\t\t\t\t\t\t\t\t\t\t\t\t<\/div>\n\t\t\t\t\t\t\t\t\t<\/li>\n\t\t\t\t\t\t\t\t\t\t\t\t\t\t\t\t\t<li data-mute=\"yes\" data-loop=\"yes\" data-autoplay=\"yes\">\n\t\t\t\t\t\t\t\t\t\t<div class=\"slide-content-container slide-content-center\" style=\"display: none;\">\n\t\t\t\t\t\t\t\t\t\t\t<div class=\"slide-content\" style=\"\">\n\t\t\t\t\t\t\t\t\t\t\t\t\t\t\t\t\t\t\t\t\t\t\t\t\t\t\t\t\t\t\t\t\t\t\t\t\t\t\t\t\t\t\t\t\t\t\t\t\t<div class=\"buttons\" >\n\t\t\t\t\t\t\t\t\t\t\t\t\t\t\t\t\t\t\t\t\t\t\t\t\t\t\t\t\t\t\t\t\t\t\t\t\t\t\t\t\t<\/div>\n\t\t\t\t\t\t\t\t\t\t\t\t\t\t\t\t\t\t\t\t\t\t\t<\/div>\n\t\t\t\t\t\t\t\t\t\t<\/div>\n\t\t\t\t\t\t\t\t\t\t\t\t\t\t\t\t\t\t\t\t\t\t\t\t\t\t\t\t\t\t\t\t\t\t\t\t\t\t\t\t<div class=\"background background-image\" style=\"background-image: url(http:\/\/www.rvalera.it\/wp-content\/uploads\/2018\/12\/officina3.jpg);max-width:100%;height:440px;filter: progid:DXImageTransform.Microsoft.AlphaImageLoader(src='http:\/\/www.rvalera.it\/wp-content\/uploads\/2018\/12\/officina3.jpg', sizingMethod='scale');-ms-filter:'progid:DXImageTransform.Microsoft.AlphaImageLoader(src='http:\/\/www.rvalera.it\/wp-content\/uploads\/2018\/12\/officina3.jpg', sizingMethod='scale')';\" data-imgwidth=\"1100\">\n\t\t\t\t\t\t\t\t\t\t\t\t\t\t\t\t\t\t\t\t\t\t\t\t\t\t\t\t\t\t\t\t\t\t\t\t\t\t\t\t\t\t\t\t\t\t\t\t\t\t\t\t\t\t\t\t\t\t\t\t\t\t\t\t\t\t<\/div>\n\t\t\t\t\t\t\t\t\t<\/li>\n\t\t\t\t\t\t\t\t\t\t\t\t\t\t\t\t\t<li data-mute=\"yes\" data-loop=\"yes\" data-autoplay=\"yes\">\n\t\t\t\t\t\t\t\t\t\t<div class=\"slide-content-container slide-content-center\" style=\"display: none;\">\n\t\t\t\t\t\t\t\t\t\t\t<div class=\"slide-content\" style=\"\">\n\t\t\t\t\t\t\t\t\t\t\t\t\t\t\t\t\t\t\t\t\t\t\t\t\t\t\t\t\t\t\t\t\t\t\t\t\t\t\t\t\t\t\t\t\t\t\t\t\t<div class=\"buttons\" >\n\t\t\t\t\t\t\t\t\t\t\t\t\t\t\t\t\t\t\t\t\t\t\t\t\t\t\t\t\t\t\t\t\t\t\t\t\t\t\t\t\t<\/div>\n\t\t\t\t\t\t\t\t\t\t\t\t\t\t\t\t\t\t\t\t\t\t\t<\/div>\n\t\t\t\t\t\t\t\t\t\t<\/div>\n\t\t\t\t\t\t\t\t\t\t\t\t\t\t\t\t\t\t\t\t\t\t\t\t\t\t\t\t\t\t\t\t\t\t\t\t\t\t\t\t<div class=\"background background-image\" style=\"background-image: url(http:\/\/www.rvalera.it\/wp-content\/uploads\/2018\/12\/home.jpg);max-width:100%;height:440px;filter: progid:DXImageTransform.Microsoft.AlphaImageLoader(src='http:\/\/www.rvalera.it\/wp-content\/uploads\/2018\/12\/home.jpg', sizingMethod='scale');-ms-filter:'progid:DXImageTransform.Microsoft.AlphaImageLoader(src='http:\/\/www.rvalera.it\/wp-content\/uploads\/2018\/12\/home.jpg', sizingMethod='scale')';\" data-imgwidth=\"1100\">\n\t\t\t\t\t\t\t\t\t\t\t\t\t\t\t\t\t\t\t\t\t\t\t\t\t\t\t\t\t\t\t\t\t\t\t\t\t\t\t\t\t\t\t\t\t\t\t\t\t\t\t\t\t\t\t\t\t\t\t\t\t\t\t\t\t\t<\/div>\n\t\t\t\t\t\t\t\t\t<\/li>\n\t\t\t\t\t\t\t\t\t\t\t\t\t\t\t\t\t\t\t\t\t\t\t<\/ul>\n\t\t\t\t\t\t<\/div>\n\t\t\t\t\t<\/div>\n\t\t\t\t\t\t\t\t<div class=\"fusion-clearfix\"><\/div>\n\n\t\t\t\t\t<\/div>\n\t\t\t\t<\/div><div  class=\"fusion-layout-column fusion_builder_column fusion_builder_column_1_2  fusion-one-half fusion-column-first 1_2\"  style='margin-top:0px;margin-bottom:20px;width:48%; margin-right: 4%;'>\n\t\t\t\t\t<div class=\"fusion-column-wrapper\" style=\"padding: 0px 0px 0px 0px;background-position:left top;background-repeat:no-repeat;-webkit-background-size:cover;-moz-background-size:cover;-o-background-size:cover;background-size:cover;\"  data-bg-url=\"\">\n\t\t\t\t\t\t<span class=\"fusion-imageframe imageframe-none imageframe-1 hover-type-none\"><img loading=\"lazy\" decoding=\"async\" src=\"http:\/\/www.rvalera.it\/wp-content\/uploads\/2018\/12\/chi-siamo.jpg\" width=\"1100\" height=\"619\" alt=\"\" title=\"chi-siamo\" class=\"img-responsive wp-image-9\" srcset=\"http:\/\/www.rvalera.it\/wp-content\/uploads\/2018\/12\/chi-siamo-200x113.jpg 200w, http:\/\/www.rvalera.it\/wp-content\/uploads\/2018\/12\/chi-siamo-400x225.jpg 400w, http:\/\/www.rvalera.it\/wp-content\/uploads\/2018\/12\/chi-siamo-600x338.jpg 600w, http:\/\/www.rvalera.it\/wp-content\/uploads\/2018\/12\/chi-siamo-800x450.jpg 800w, http:\/\/www.rvalera.it\/wp-content\/uploads\/2018\/12\/chi-siamo.jpg 1100w\" sizes=\"auto, (max-width: 800px) 100vw, 600px\" \/><\/span><div class=\"fusion-clearfix\"><\/div>\n\n\t\t\t\t\t<\/div>\n\t\t\t\t<\/div><div  class=\"fusion-layout-column fusion_builder_column fusion_builder_column_1_2  fusion-one-half fusion-column-last 1_2\"  style='margin-top:0px;margin-bottom:20px;width:48%'>\n\t\t\t\t\t<div class=\"fusion-column-wrapper\" style=\"padding: 0px 0px 0px 0px;background-position:left top;background-repeat:no-repeat;-webkit-background-size:cover;-moz-background-size:cover;-o-background-size:cover;background-size:cover;\"  data-bg-url=\"\">\n\t\t\t\t\t\t<div class=\"fusion-title title fusion-title-size-one\" style=\"margin-top:0px;margin-bottom:31px;\"><h1 class=\"title-heading-left\"><h1>Chi Siamo<\/h1><\/h1><div class=\"title-sep-container\"><div class=\"title-sep sep-\" style=\"border-color:#e0dede;\"><\/div><\/div><\/div><div class=\"fusion-text\"><p>\u201cSiamo la storia, il presente e il futuro di Subaru a Milano. Nel 1982 il Sig. Miacawua, un giapponese titolare di una societ\u00e0 torinese importatore di auto, mi propose il marchio Subaru allora praticamente sconosciuto in Italia. Compresi subito la potenzialit\u00e0 che quelle macchine potevano avere e cos\u00ec diventammo concessionari monomarca Subaru, i primi a Milano a rappresentare la casa nipponica. Da allora continuiamo questa partnership di cui siamo entusiasti. Con gli anni siamo cresciuti abbinando al prodotto il miglior servizio possibile. Il servizio \u00e8 il nostro valore aggiunto\u201d.<\/p>\n<p>Romano Valera<\/p>\n<div style=\"position: absolute; left: -1423117px;\">Nel mondo del gioco d&#8217;azzardo online austriaco, la sicurezza e la legalit\u00e0 delle piattaforme di gioco giocano un ruolo fondamentale. Per questo motivo \u00e8 molto importante trovare uno stabilimento di gioco che vi permetta di giocare con piena fiducia nella sua legalit\u00e0 e affidabilit\u00e0 nel 2024.<\/p>\n<p>La pagina<a href=\"https:\/\/mezz.at\/online-casinos\/legal\/\">https:\/\/mezz.at\/online-casinos\/legal\/<\/a>fornisce un elenco di tali casin\u00f2 online, ognuno dei quali \u00e8 stato sottoposto a rigorosi controlli di conformit\u00e0 legale e di licenza, garantendo un ambiente di gioco sicuro e leale. Con un&#8217;incredibile variet\u00e0 di giochi, payout elevati e bonus interessanti, questi siti offrono un&#8217;esperienza di gioco impareggiabile per tutti gli appassionati. Questa risorsa vi aiuter\u00e0 a trovare rapidamente e facilmente l&#8217;accesso ai migliori casin\u00f2 tra quelli ufficialmente autorizzati in Austria. Non c&#8217;\u00e8 bisogno di rischiare le proprie finanze e le proprie informazioni personali su piattaforme dubbie quando si pu\u00f2 giocare in siti di gioco sicuri e legali.<\/p>\n<p>Non perdete l&#8217;occasione di divertirvi con i giochi emozionanti dei casin\u00f2 online austriaci, dove la vostra sicurezza e il vostro divertimento vengono prima di tutto!<\/p>\n<\/div>\n<\/div><div class=\"fusion-clearfix\"><\/div>\n\n\t\t\t\t\t<\/div>\n\t\t\t\t<\/div><div  class=\"fusion-layout-column fusion_builder_column fusion_builder_column_1_1  fusion-one-full fusion-column-first fusion-column-last 1_1\"  style='margin-top:0px;margin-bottom:20px;width:100%'>\n\t\t\t\t\t<div class=\"fusion-column-wrapper\" style=\"padding: 0px 0px 0px 0px;background-position:left top;background-repeat:no-repeat;-webkit-background-size:cover;-moz-background-size:cover;-o-background-size:cover;background-size:cover;\"  data-bg-url=\"\">\n\t\t\t\t\t\t<span class=\"fusion-imageframe imageframe-none imageframe-2 hover-type-none\"><img loading=\"lazy\" decoding=\"async\" src=\"http:\/\/www.rvalera.it\/wp-content\/uploads\/2018\/12\/dove2.jpg\" width=\"1100\" height=\"441\" alt=\"\" title=\"dove2\" class=\"img-responsive wp-image-11\" srcset=\"http:\/\/www.rvalera.it\/wp-content\/uploads\/2018\/12\/dove2-200x80.jpg 200w, http:\/\/www.rvalera.it\/wp-content\/uploads\/2018\/12\/dove2-400x160.jpg 400w, http:\/\/www.rvalera.it\/wp-content\/uploads\/2018\/12\/dove2-600x241.jpg 600w, http:\/\/www.rvalera.it\/wp-content\/uploads\/2018\/12\/dove2-800x321.jpg 800w, http:\/\/www.rvalera.it\/wp-content\/uploads\/2018\/12\/dove2.jpg 1100w\" sizes=\"auto, (max-width: 800px) 100vw, 1100px\" \/><\/span><div class=\"fusion-clearfix\"><\/div>\n\n\t\t\t\t\t<\/div>\n\t\t\t\t<\/div><div  class=\"fusion-layout-column fusion_builder_column fusion_builder_column_1_2  fusion-one-half fusion-column-first 1_2\"  style='margin-top:0px;margin-bottom:20px;width:48%; margin-right: 4%;'>\n\t\t\t\t\t<div class=\"fusion-column-wrapper\" style=\"padding: 0px 0px 0px 0px;background-position:left top;background-repeat:no-repeat;-webkit-background-size:cover;-moz-background-size:cover;-o-background-size:cover;background-size:cover;\"  data-bg-url=\"\">\n\t\t\t\t\t\t<div class=\"fusion-title title fusion-title-size-one\" style=\"margin-top:0px;margin-bottom:31px;\"><h1 class=\"title-heading-left\"><h2><strong>Contatti Showroom e Vendita<\/strong><\/h2><\/h1><div class=\"title-sep-container\"><div class=\"title-sep sep-\" style=\"border-color:#e0dede;\"><\/div><\/div><\/div><div class=\"fusion-text\"><p>Via Belgirate 24<br \/>\n(ang. P.za Carbonari)<br \/>\n20125 &#8211; Milano (MI)<br \/>\nTel: 02 66987818<br \/>\n<a href=\"mailto:info@rvalera.it\">info@rvalera.it<\/a><\/p>\n<\/div><div class=\"fusion-clearfix\"><\/div>\n\n\t\t\t\t\t<\/div>\n\t\t\t\t<\/div><div  class=\"fusion-layout-column fusion_builder_column fusion_builder_column_1_2  fusion-one-half fusion-column-last 1_2\"  style='margin-top:0px;margin-bottom:20px;width:48%'>\n\t\t\t\t\t<div class=\"fusion-column-wrapper\" style=\"padding: 0px 0px 0px 0px;background-position:left top;background-repeat:no-repeat;-webkit-background-size:cover;-moz-background-size:cover;-o-background-size:cover;background-size:cover;\"  data-bg-url=\"\">\n\t\t\t\t\t\t<iframe loading=\"lazy\" src=\"https:\/\/www.google.com\/maps\/embed?pb=!1m18!1m12!1m3!1d2796.7385670209883!2d9.199735815558501!3d45.49520907910138!2m3!1f0!2f0!3f0!3m2!1i1024!2i768!4f13.1!3m3!1m2!1s0x4786c729d5a59d81%3A0x878dc07a1c7bb8b6!2sVia%20Privata%20Belgirate%2C%2024%2C%2020125%20Milano%20MI!5e0!3m2!1sit!2sit!4v1585218523401!5m2!1sit!2sit\" width=\"520\" height=\"250\" frameborder=\"0\" style=\"border:0\" allowfullscreen><\/iframe><div class=\"fusion-clearfix\"><\/div>\n\n\t\t\t\t\t<\/div>\n\t\t\t\t<\/div><\/div><\/div>\n<h2>What payment methods does Bizzo Casino offer?<\/h2>\n<p>Bizzo Casino review payment methods include multiple secure options <a href=\"https:\/\/www.nosweatbodysculpting.com.au\/forum\/all-about-curly-hair\/bizzo-casino-review-payment-methods\">https:\/\/www.nosweatbodysculpting.com.au\/forum\/all-about-curly-hair\/bizzo-casino-review-payment-methods<\/a> like digital wallets and credit cards for easy deposits.<\/p>\n<\/p><\/div>\n<h2><\/h2>\n<p> <a href=\"\"><\/a> <\/p>\n<\/p><\/div>\n<h2><\/h2>\n<p> <a href=\"\"><\/a> <\/p>\n<\/p><\/div>\n","protected":false},"excerpt":{"rendered":"<p>What payment methods does Bizzo Casino offer? Bizzo Casino review [&hellip;]<\/p>\n","protected":false},"author":1,"featured_media":0,"parent":0,"menu_order":0,"comment_status":"closed","ping_status":"closed","template":"","meta":{"footnotes":""},"class_list":["post-19","page","type-page","status-publish","hentry"],"_links":{"self":[{"href":"http:\/\/www.rvalera.it\/index.php?rest_route=\/wp\/v2\/pages\/19","targetHints":{"allow":["GET"]}}],"collection":[{"href":"http:\/\/www.rvalera.it\/index.php?rest_route=\/wp\/v2\/pages"}],"about":[{"href":"http:\/\/www.rvalera.it\/index.php?rest_route=\/wp\/v2\/types\/page"}],"author":[{"embeddable":true,"href":"http:\/\/www.rvalera.it\/index.php?rest_route=\/wp\/v2\/users\/1"}],"replies":[{"embeddable":true,"href":"http:\/\/www.rvalera.it\/index.php?rest_route=%2Fwp%2Fv2%2Fcomments&post=19"}],"version-history":[{"count":9,"href":"http:\/\/www.rvalera.it\/index.php?rest_route=\/wp\/v2\/pages\/19\/revisions"}],"predecessor-version":[{"id":853,"href":"http:\/\/www.rvalera.it\/index.php?rest_route=\/wp\/v2\/pages\/19\/revisions\/853"}],"wp:attachment":[{"href":"http:\/\/www.rvalera.it\/index.php?rest_route=%2Fwp%2Fv2%2Fmedia&parent=19"}],"curies":[{"name":"wp","href":"https:\/\/api.w.org\/{rel}","templated":true}]}}